{"id":19,"date":"2018-10-01T08:37:46","date_gmt":"2018-10-01T05:37:46","guid":{"rendered":"http:\/\/ramadavalcea.ro\/?page_id=19"},"modified":"2021-12-08T11:41:37","modified_gmt":"2021-12-08T09:41:37","slug":"terms-conditions","status":"publish","type":"page","link":"https:\/\/www.ramadavalcea.ro\/ro\/terms-conditions\/","title":{"rendered":"Termeni &amp; Conditii"},"content":{"rendered":"<div class=\"wpb-content-wrapper\"><div class=\"vc_row wpb_row vc_row-fluid\"><div class=\"wpb_column vc_column_container vc_col-sm-12\"><div class=\"vc_column-inner\"><div class=\"wpb_wrapper\">\n\t<div class=\"wpb_text_column wpb_content_element\" >\n\t\t<div class=\"wpb_wrapper\">\n\t\t\t<p>Ultima actualizare: 1 martie 2019<\/p>\n<p>Aceast\u0103 politic\u0103 este aplicabil\u0103 pentru <strong>UZINA MECANIC\u0102 R\u00c2MNICU V\u00c2LCEA SA<\/strong>, persoana juridica romana cu sediul social in Municipiul R\u00e2mnicu V\u00e2lcea, Platforma Industriala Cazanesti, judetul V\u00e2lcea, inregistrata la Oficiul Registrului Comertului de pe langa Judecatoria Valcea sub nr. J38 \/ 538\/1998, av\u00e2nd cod fiscal nr. 1465560.<\/p>\n<p>UZINA MECANICA R\u00c2MNICU V\u00c2LCEA SA appreciates the confidence of people applying for employment. (\u201cYour\u201d or \u201cApplicant\u201d and are dedicated to the responsible management, use, and protection of personal data.) This Applicant\u2019s Privacy Notice (\u201cInformation\u201d) applies to all information collected by UZINA MECANICA R\u00c2MNICU V\u00c2LCEA SA to facilitate your request. This policy explains how UZINA MECANICA R\u00c2MNICU V\u00c2LCEA SA processes personal data that we collect as part of the job application process (\u201cpersonal information\u201d).<\/p>\n<p>Dac\u0103 accepta\u021bi un post la UZINA MECANICA R\u00c2MNICU V\u00c2LCEA SA, ve\u021bi fi considerat membru al echipei \u0219i o notificare separat\u0103 va guverna utilizarea datelor dumneavoastr\u0103 personale.<\/p>\n<p><strong>Consim\u021b\u0103m\u00e2ntul dvs<\/strong><\/p>\n<p>V\u0103 rug\u0103m s\u0103 citi\u021bi cu aten\u021bie aceast\u0103 politic\u0103; ve\u021bi confirma acceptarea colect\u0103rii, p\u0103str\u0103rii, utiliz\u0103rii, transferului \u0219i dezv\u0103luirii datelor personale descrise \u00een aceste informa\u021bii prin ac\u021biunea f\u0103r\u0103 echivoc reprezentat\u0103 de transmiterea CV-ului dumneavoastr\u0103. UZINA MECANICA R\u00c2MNICU V\u00c2LCEA SA dispune de mijloace de protec\u021bie menite s\u0103 protejeze datele dumneavoastr\u0103 cu caracter personal.<\/p>\n<p><strong>Informa\u021biile pe care le furniza\u021bi<\/strong><\/p>\n<p>Aceast\u0103 politic\u0103 se aplic\u0103 tuturor datelor personale pe care le transmite\u021bi pentru a aplica sau pentru a c\u0103uta un post la UZINA MECANICA R\u00c2MNICU V\u00c2LCEA SA, care pot include:<\/p>\n<p>\u27a2 Cum a aflat solicitantul despre job?;<\/p>\n<p>\u27a2 CV, scrisoare de intentie;<\/p>\n<p>\u27a2 Nume \u0219i informa\u021bii de contact (cum ar fi adresa de domiciliu, num\u0103rul de telefon, num\u0103rul de telefon mobil \u0219i adresa de e-mail);<\/p>\n<p>\u27a2 Referin\u021be (nume, angajator, titlu, rela\u021bie, e-mail, telefon);<\/p>\n<p>\u27a2 Preferin\u021be de angajare, disponibilitatea de relocare, disponibilitatea de a c\u0103l\u0103tori, salariul curent, salariul dorit;<\/p>\n<p>\u27a2 Experien\u021b\u0103 de lucru anterioar\u0103 (sau actual\u0103) (cum ar fi data de \u00eencepere \u0219i de \u00eencheiere, angajator, responsabilit\u0103\u021bi)<\/p>\n<p>\u27a2 Nivelul de \u0219colarizare (precum primar, gimnazial, liceu)<\/p>\n<p>\u27a2 Certificate de\u021binute;<\/p>\n<p>\u27a2 Identificarea personal\u0103 (cum ar fi v\u00e2rsta, sexul, religia, dizabilit\u0103\u021bile, grupul etnic).<\/p>\n<p>Nu v\u0103 solicit\u0103m, dar pute\u021bi alege \u00een mod voluntar s\u0103 furniza\u021bi alte informa\u021bii relevante ca parte a cererii dumneavoastr\u0103. V\u0103 rug\u0103m s\u0103 nu trimite\u021bi urm\u0103toarele informa\u021bii sensibile dec\u00e2t dac\u0103 v\u0103 cerem \u00een mod expres s\u0103 furniza\u021bi astfel de informa\u021bii pentru a v\u0103 conforma obliga\u021biilor legale \u0219i\/sau politicilor interne privind diversitatea \u0219i anti-discriminarea: orientare sexual\u0103, ras\u0103, origine etnic\u0103, religie, convingeri politice religioase , handicap, stare civil\u0103, credin\u021b\u0103, na\u021bionalitate, origine na\u021bional\u0103, culoare \u0219i\/sau v\u00e2rst\u0103.<\/p>\n<p>Prin prezentarea voluntar\u0103 a informa\u021biilor despre originea rasial\u0103 sau etnic\u0103; starea de s\u0103n\u0103tate sau starea fizic\u0103 sau psihic\u0103; evalu\u0103ri de locuri de munc\u0103 sau dosare de studii; informa\u021bii despre comiterea (sau presupusa s\u0103v\u00e2r\u0219ire) a unei infrac\u021biuni sau proceduri judiciare aferente; opinii sau orientare politic\u0103; credin\u021b\u0103 religioas\u0103; viata sexuala; apartenen\u021ba la un sindicat sau partid politic, a autorizat \u00een mod expres UZINA MECANICA ROMANIA V\u00c2LCEA SA s\u0103 primeasc\u0103 \u0219i s\u0103 prelucreze astfel de informa\u021bii \u00een scopul proces\u0103rii cererii dumneavoastr\u0103.<\/p>\n<p>Toate informa\u021biile pe care le trimite\u021bi trebuie s\u0103 fie adev\u0103rate, complete \u0219i \u00een\u0219el\u0103toare \u0219i, de asemenea, trebuie s\u0103 ave\u021bi dreptul legal de a le furniza. \u00cen caz contrar, acest lucru poate duce la respingerea cererii dumneavoastr\u0103 \u00een timpul procesului de executare sau la o m\u0103sur\u0103 disciplinar\u0103, inclusiv concedierea imediat\u0103 dac\u0103 a\u021bi fost angajat.<\/p>\n<p>Dac\u0103 inten\u021biona\u021bi s\u0103 ne furniza\u021bi detalii despre un referent sau orice alt ter\u021b ca parte a CV-ului dvs., este responsabilitatea dvs. s\u0103 ob\u021bine\u021bi consim\u021b\u0103m\u00e2ntul acelui ter\u021b \u00eenainte de a ne furniza date personale.<\/p>\n<p>Furnizarea datelor cu caracter personal este voluntar\u0103. V\u0103 rug\u0103m s\u0103 re\u021bine\u021bi, totu\u0219i, c\u0103 furnizarea de informa\u021bii insuficiente poate avea ca rezultat neluarea \u00een considerare a cererii dumneavoastr\u0103 de angajare de c\u0103tre UZINA MECANIC\u0102 R\u00c2MNICU V\u00c2LCEA SA.<\/p>\n<p><strong>Temeiul juridic \u0219i utilizarea datelor cu caracter personal<\/strong><\/p>\n<p>Informa\u021biile pe care le trimite\u021bi \u00een cererea dumneavoastr\u0103 vor fi stocate \u00een Rom\u00e2nia. Acestea vor fi colectate, utilizate, transferate \u0219i dezv\u0103luite de c\u0103tre angaja\u021bii, consultan\u021bii \u0219i\/sau furnizorii de servicii ai UZINA MECANIC\u0102 R\u00c2MNICU V\u00c2LCEA SA pentru desf\u0103\u0219urarea procesului de recrutare \u0219i \u00een scopuri aferente de management \u0219i planificare, inclusiv:<\/p>\n<p>\u27a2 Procesarea cererii dumneavoastr\u0103;<\/p>\n<p>\u27a2 Evaluarea competen\u021belor \u0219i calific\u0103rilor pentru un loc de munc\u0103;<\/p>\n<p>\u27a2 Furnizarea de servicii disponibile pe site pentru cariere;<\/p>\n<p>\u27a2 Comunicarea cu dumneavoastr\u0103;<\/p>\n<p>\u27a2 Respectarea oric\u0103ror cerin\u021be legale sau de reglementare aplicabile; \u0219i<\/p>\n<p>\u27a2 Verifica\u021bi antecedentele dac\u0103 vi se ofer\u0103 un loc de munc\u0103.<\/p>\n<p>Datele dumneavoastr\u0103 personale vor fi ad\u0103ugate \u00een Baza noastr\u0103 de date de candida\u021bi \u0219i vor fi folosite pentru a analiza dac\u0103 profilul dumneavoastr\u0103 este potrivit pentru alte posturi vacante la UZINA MECANICA R\u00c2MNICU V\u00c2LCEA SA. Dac\u0103 alegem s\u0103 facem o ofert\u0103, datele personale pe care le trimite\u021bi pot fi integrate \u00een sistemul nostru de resurse umane \u0219i utilizate pentru a gestiona procesul de angajare. Prelucrarea datelor dumneavoastr\u0103 cu caracter personal \u00een aceste scopuri se bazeaz\u0103 pe consim\u021b\u0103m\u00e2ntul dumneavoastr\u0103. Dac\u0103 deveni\u021bi membru al echipei, orice date cu caracter personal pe care le trimite\u021bi pot deveni parte din cardul de membru al echipei \u0219i pot fi utilizate \u00een alte scopuri de angajare\/angajare sau \u00een alt mod \u00een conformitate cu legea.<\/p>\n<p>Dac\u0103 orice utilizare a acestor date este incompatibil\u0103 cu utiliz\u0103rile specificate \u00een sau \u00een afara acestei notific\u0103ri, v\u0103 vom anun\u021ba c\u00e2nd le utiliza\u021bi.<\/p>\n<p><strong>Dezv\u0103luirea datelor personale<\/strong><\/p>\n<p>Datele dumneavoastr\u0103 personale vor fi revizuite de c\u0103tre membrii echipei UZINA MECANIC\u0102 R\u00c2MNICU V\u00c2LCEA SA sau agen\u021bi care au o nevoie legitim\u0103 de a accesa astfel de informa\u021bii personale precum recrutori, personal de resurse umane, personal de servicii tehnice \u0219i manageri, sau delega\u021bii acestora.<\/p>\n<p>Putem partaja datele dumneavoastr\u0103 cu caracter personal anumitor furnizori de servicii sau consultan\u021bi care ac\u021bioneaz\u0103 \u00een numele nostru, cum ar fi recrutori externi sau furnizori externi de resurse umane. Ace\u0219ti ter\u021bi sunt obliga\u021bi prin contract s\u0103 ia m\u0103surile adecvate pentru a proteja confiden\u021bialitatea \u0219i securitatea datelor cu caracter personal.<\/p>\n<p>UZINA MECANICA R\u00c2MNICU V\u00c2LCEA SA poate dezv\u0103lui \u0219i datele dumneavoastr\u0103 cu caracter personal \u00een urm\u0103toarele scopuri:<\/p>\n<ol>\n<li>Pentru a proteja drepturile legale, confiden\u021bialitatea, siguran\u021ba sau proprietatea UZINA MECANIC\u0102 R\u00c2MNICU V\u00c2LCEA SA sau a membrilor echipei, agen\u021bilor, subcontractan\u021bilor, clien\u021bilor sau publicului acesteia;<\/li>\n<li>Pentru a proteja siguran\u021ba \u0219i securitatea vizitatorilor site-urilor noastre web sau a altor propriet\u0103\u021bi;<\/li>\n<li>Pentru a proteja \u00eempotriva fraudei sau a altor activit\u0103\u021bi ilegale sau gestionarea riscurilor;<\/li>\n<li>Pentru a r\u0103spunde \u00eentreb\u0103rilor sau solicit\u0103rilor din partea autorit\u0103\u021bilor legale;<\/li>\n<li>Pentru a r\u0103spunde \u00eentreb\u0103rilor sau solicit\u0103rilor din partea autorit\u0103\u021bilor legale;<\/li>\n<li>Pentru a r\u0103spunde \u00een caz de urgen\u021b\u0103;<\/li>\n<li>Pentru a respecta legea sau procedurile legale;<\/li>\n<li>Pentru a impune o licen\u021b\u0103, v\u00e2nzare sau transfer al unei afaceri sau al activelor (inclusiv orice faliment sau proceduri similare); sau<\/li>\n<li>Pentru a gestiona achizi\u021bii, fuziuni \u0219i reorganiz\u0103ri.<\/li>\n<\/ol>\n<p><strong>P\u0103strarea datelor<\/strong><\/p>\n<p>Vom p\u0103stra datele dumneavoastr\u0103 personale timp de un an de la data depunerii cererii dumneavoastr\u0103, timp \u00een care v\u0103 putem contacta \u00een leg\u0103tur\u0103 cu noile post\u0103ri disponibile. Dac\u0103 nu exist\u0103 activitate legat\u0103 de datele cu caracter personal, UZINA MECANICA R\u00c2MNICU V\u00c2LCEA SA le poate elimina din baza de date, sub rezerva respect\u0103rii obliga\u021biilor \u0219i politicilor de p\u0103strare a datelor \u0219i a oric\u0103ror obliga\u021bii legale sau de reglementare aplicabile, pe o perioad\u0103 de timp permis\u0103 de legile locale, sau pentru a verifica dac\u0103 abilit\u0103\u021bile tale sunt potrivite pentru alte oportunit\u0103\u021bi.<\/p>\n<p>V\u0103 rug\u0103m s\u0103 re\u021bine\u021bi c\u0103 UZINA MECANICA RAMNICU VALCEA SA poate \u0219terge datele dumneavoastr\u0103 cu caracter personal \u00een orice moment (inclusiv CV-ul) f\u0103r\u0103 niciun motiv. Prin urmare, p\u0103stra\u021bi propria copie a datelor cu caracter personal furnizate.<\/p>\n<p><strong>Acces, corectare \u0219i \u0219tergere<\/strong><\/p>\n<p>Pentru a modifica datele personale pe care ni le-a\u021bi trimis deja pentru o anumit\u0103 pozi\u021bie, v\u0103 rug\u0103m s\u0103 trimite\u021bi din nou cererea dvs., astfel \u00eenc\u00e2t s\u0103 v\u0103 pute\u021bi actualiza informa\u021biile personale asociate aplica\u021biei respective. V\u0103 \u00eencuraj\u0103m s\u0103 v\u0103 actualiza\u021bi imediat informa\u021biile personale dac\u0103 se modific\u0103 sau sunt inexacte. La cererea dvs., vom \u0219terge sau elimina datele dumneavoastr\u0103 cu caracter personal din bazele noastre de date active, de\u0219i unele informa\u021bii pot fi p\u0103strate \u00een m\u0103sura permis\u0103 sau cerut\u0103 de lege.<\/p>\n<p>Dac\u0103 ave\u021bi \u00eentreb\u0103ri sau nel\u0103muriri cu privire la modul \u00een care prelucr\u0103m datele dumneavoastr\u0103 cu caracter personal, v\u0103 rug\u0103m s\u0103 contacta\u021bi responsabilul nostru cu protec\u021bia datelor cu caracter personal la e-mail <a href=\"mailto:office@smartgdpr.ro\">office@smartgdpr.ro<\/a>.<\/p>\n<p>Pute\u021bi accesa, modifica sau v\u0103 opune utiliz\u0103rii datelor cu caracter personal \u00een conformitate cu legea aplicabil\u0103. V\u0103 rug\u0103m s\u0103 ne contacta\u021bi la adresa de e-mail de mai sus pentru orice astfel de solicit\u0103ri. V\u0103 rug\u0103m s\u0103 re\u021bine\u021bi c\u0103 este posibil ca anumite date cu caracter personal s\u0103 nu fac\u0103 obiectul acestor drepturi de acces, corec\u021bii sau obiec\u021bii \u00een conformitate cu legile locale privind protec\u021bia datelor.<\/p>\n<p><strong>Securitatea depunerii cererilor<\/strong><\/p>\n<p>Lu\u0103m m\u0103suri de precau\u021bie rezonabile pentru a proteja datele personale transmise de poten\u021bialii angaja\u021bi, precum \u0219i informa\u021biile personale stocate pe serverele noastre. Din p\u0103cate, nu exist\u0103 nicio modalitate de a transmite sau stoca date 100% sigure. Nu trimite\u021bi informa\u021bii sensibile prin e-mail. Este singura dumneavoastr\u0103 responsabilitate s\u0103 utiliza\u021bi nivelul de precau\u021bie corespunz\u0103tor ori de c\u00e2te ori comunica\u021bi cu noi.<\/p>\n<p>Dac\u0103 ave\u021bi vreun motiv s\u0103 crede\u021bi c\u0103 interac\u021biunea dvs. cu noi nu mai este sigur\u0103 (de exemplu, crede\u021bi c\u0103 securitatea unei transmisii de date c\u0103tre noi a fost compromis\u0103), v\u0103 rug\u0103m s\u0103 contacta\u021bi responsabilul nostru cu protec\u021bia datelor cu caracter personal la adresa dvs. de e-mail office@smartgdpr .ro.<\/p>\n<p>UZINA MECANICA R\u00c2MNICU V\u00c2LCEA SA \u00ee\u0219i declin\u0103 responsabilitatea, \u00een m\u0103sura permis\u0103 de lege, pentru ea \u00eens\u0103\u0219i \u0219i pentru toate companiile \u0219i subcontractan\u021bii s\u0103i pentru oricare dintre informa\u021biile dvs. trimise c\u0103tre noi \u0219i care sunt pierdute \u00een timpul transmiterii, utilizate abuziv, accesate ilegal, dezv\u0103luite, modificate sau distruse, sau care nu ne-au fost livrate integral sau la timp.<\/p>\n<p><strong>Link-uri c\u0103tre alte site-uri web<\/strong><\/p>\n<p>Exist\u0103 posibilitatea de a depune cereri UZINA MECANICA RAMMICU V\u00c2LCEA SA prin alte site-uri web. Operatorii acelor alte site-uri web pot colecta informa\u021bii despre dvs., cookie-uri sau alte tehnologii. Dac\u0103 v\u0103 autentifica\u021bi pe un astfel de site web pentru a aplica pentru o postare disponibil\u0103 la UZINA MECANICA RAMNICU VALCEA SA, ve\u021bi fi responsabil pentru partajarea datelor personale cu proprietarul sau operatorul site-ului respectiv.<\/p>\n<p>V\u0103 \u00eencuraj\u0103m s\u0103 citi\u021bi notific\u0103rile legale postate pe acele site-uri, inclusiv politicile de confiden\u021bialitate. Nu avem nicio responsabilitate sau r\u0103spundere legal\u0103 pentru vizitele dumneavoastr\u0103 sau pentru practicile de colectare sau utilizare a datelor de pe alte site-uri web.<\/p>\n<p><strong>Despre minori<\/strong><\/p>\n<p>Procesul nostru de recrutare nu este destinat minorilor sub 16 ani sau sub v\u00e2rsta legal\u0103 de angajare (oricare dintre acestea este mai mare).<\/p>\n<p><strong>Modific\u0103ri la aceast\u0103 politic\u0103<\/strong><\/p>\n<p>Ne rezerv\u0103m dreptul de a modifica aceast\u0103 politic\u0103 \u00een orice moment, f\u0103r\u0103 notificare prealabil\u0103, pentru a reflecta modific\u0103rile viitoare ale UZINA MECANICA RAMNICU VALCEA SA, modific\u0103ri \u00een domeniu sau cerin\u021be legale. Vom publica politica revizuit\u0103 pe site-ul nostru sau vom anun\u021ba modificarea pe pagina de pornire a site-ului. Pute\u021bi afla c\u00e2nd a fost actualizat\u0103 notificarea citind legenda \u201eUltima actualizare\u201d din partea de sus a acestei notific\u0103ri. Orice modificare va intra \u00een vigoare la data revizuirii politicii revizuite pe site-ul nostru. Continu\u00e2nd s\u0103 utiliza\u021bi site-ul pentru cariere \u0219i\/sau depun\u00e2nd voluntar CV-uri dup\u0103 astfel de modific\u0103ri, se va considera c\u0103 a\u021bi fost de acord cu astfel de modific\u0103ri. Dac\u0103 nu sunte\u021bi de acord cu termenii acestei notific\u0103ri, \u00een totalitate sau \u00een parte, pute\u021bi alege s\u0103 nu mai utiliza\u021bi site-ul pentru carier\u0103.<\/p>\n\n\t\t<\/div>\n\t<\/div>\n<\/div><\/div><\/div><\/div>\n<\/div>","protected":false},"excerpt":{"rendered":"<p>Last Updated: March 1, 2019 This policy is applicable to UZINA MECANIC\u0102 R\u00c2MNICU V\u00c2LCEA SA, a Romanian legal person having its registered office in R\u00e2mnicu V\u00e2lcea Municipality, Cazanesti Industrial Platform, V\u00e2lcea County, registered at the Trade Register Office near the Valcea Court under no. J38 \/ 538\/1998, having fiscal code no. 1465560. UZINA MECANICA R\u00c2MNICU&hellip;<\/p>","protected":false},"author":1,"featured_media":0,"parent":0,"menu_order":0,"comment_status":"closed","ping_status":"closed","template":"","meta":{"footnotes":""},"class_list":["post-19","page","type-page","status-publish","hentry","description-off"],"aioseo_notices":[],"_links":{"self":[{"href":"https:\/\/www.ramadavalcea.ro\/ro\/wp-json\/wp\/v2\/pages\/19","targetHints":{"allow":["GET"]}}],"collection":[{"href":"https:\/\/www.ramadavalcea.ro\/ro\/wp-json\/wp\/v2\/pages"}],"about":[{"href":"https:\/\/www.ramadavalcea.ro\/ro\/wp-json\/wp\/v2\/types\/page"}],"author":[{"embeddable":true,"href":"https:\/\/www.ramadavalcea.ro\/ro\/wp-json\/wp\/v2\/users\/1"}],"replies":[{"embeddable":true,"href":"https:\/\/www.ramadavalcea.ro\/ro\/wp-json\/wp\/v2\/comments?post=19"}],"version-history":[{"count":9,"href":"https:\/\/www.ramadavalcea.ro\/ro\/wp-json\/wp\/v2\/pages\/19\/revisions"}],"predecessor-version":[{"id":602,"href":"https:\/\/www.ramadavalcea.ro\/ro\/wp-json\/wp\/v2\/pages\/19\/revisions\/602"}],"wp:attachment":[{"href":"https:\/\/www.ramadavalcea.ro\/ro\/wp-json\/wp\/v2\/media?parent=19"}],"curies":[{"name":"wp","href":"https:\/\/api.w.org\/{rel}","templated":true}]}}