{"id":370,"date":"2021-11-24T12:11:31","date_gmt":"2021-11-24T10:11:31","guid":{"rendered":"https:\/\/www.ramadavalcea.ro\/?page_id=370"},"modified":"2021-12-08T11:55:31","modified_gmt":"2021-12-08T09:55:31","slug":"cookie-policy","status":"publish","type":"page","link":"https:\/\/www.ramadavalcea.ro\/ro\/cookie-policy\/","title":{"rendered":"Politica Cookie"},"content":{"rendered":"<div class=\"wpb-content-wrapper\"><div class=\"vc_row wpb_row vc_row-fluid\"><div class=\"wpb_column vc_column_container vc_col-sm-12\"><div class=\"vc_column-inner\"><div class=\"wpb_wrapper\">\n\t<div class=\"wpb_text_column wpb_content_element\" >\n\t\t<div class=\"wpb_wrapper\">\n\t\t\t<p><strong>1. Ce este un \u201ecookie\u201d?<\/strong><\/p>\n<p>&nbsp;<\/p>\n<p>Un \u201ecookie de internet\u201d (cunoscut \u0219i ca \u201ecookie de browser\u201d sau \u201ecookie HTTP\u201d sau pur \u0219i simplu un \u201ecookie\u201d) este un fi\u0219ier mic, format din litere \u0219i cifre, care va fi stocat pe computerul, terminalul mobil sau alt echipament. a unui utilizator de la care este accesat internetul.<\/p>\n<p>&nbsp;<\/p>\n<p>Cookie-ul este instalat la cererea emis\u0103 de un server web c\u0103tre un browser (ex. Internet Explorer, Firefox, Chrome) \u0219i este complet \u201epasiv\u201d (nu con\u021bine software, viru\u0219i sau spyware \u0219i nu poate accesa informa\u021biile de pe hard disk utilizatorul).<\/p>\n<p>&nbsp;<\/p>\n<p>Un cookie este format din 2 p\u0103r\u021bi: numele \u0219i con\u021binutul sau valoarea cookie-ului. Mai mult, durata unui cookie este determinat\u0103 din punct de vedere tehnic, doar serverul web care a trimis cookie-ul \u00eel poate accesa din nou atunci c\u00e2nd un utilizator revine pe site-ul web asociat cu acel server web.<\/p>\n<p>&nbsp;<\/p>\n<p>Cookie-urile \u00een sine nu necesit\u0103 informa\u021bii personale pentru a fi utilizate \u0219i, \u00een majoritatea cazurilor, nu identific\u0103 personal utilizatorii de internet.<\/p>\n<p>&nbsp;<\/p>\n<p>Exist\u0103 2 categorii majore de cookie-uri:<\/p>\n<p>&nbsp;<\/p>\n<p>Cookie-uri de sesiune \u2013 acestea sunt stocate temporar \u00een folderul de cookie-uri al browserului web pentru ca acesta s\u0103 le poat\u0103 stoca p\u00e2n\u0103 c\u00e2nd utilizatorul p\u0103r\u0103se\u0219te site-ul respectiv sau \u00eenchide fereastra browserului (ex. la conectarea la un cont webmail sau re\u021belele sociale).<br \/>Cookie-uri persistente \u2013 acestea sunt stocate pe hard disk-ul unui computer sau echipament (\u0219i, \u00een general, depind de durata de via\u021b\u0103 implicit\u0103 a cookie-ului). Cookie-urile persistente le includ \u0219i pe cele plasate de un alt site dec\u00e2t cel pe care \u00eel viziteaz\u0103 \u00een prezent utilizatorul \u2013 cunoscute sub denumirea de \u201ecookie-uri ter\u021b\u0103 parte\u201d \u2013 care pot fi utilizate \u00een mod anonim pentru a memora interesele unui utilizator, astfel \u00eenc\u00e2t s\u0103 fie livrat\u0103 cea mai relevant\u0103 publicitate pentru utilizatori.<\/p>\n<p>&nbsp;<\/p>\n<p><strong>2. Care sunt avantajele cookie-urilor?<\/strong><\/p>\n<p>&nbsp;<\/p>\n<p>Un cookie con\u021bine informa\u021bii care leag\u0103 un browser web (utilizator) la un anumit server web (site web). Dac\u0103 un browser acceseaz\u0103 din nou acel server web, poate citi informa\u021biile deja stocate \u0219i poate reac\u021biona \u00een consecin\u021b\u0103.<\/p>\n<p>&nbsp;<\/p>\n<p>Cookie-urile ofer\u0103 utilizatorilor o experien\u021b\u0103 pl\u0103cut\u0103 de navigare \u0219i sus\u021bin eforturile multor site-uri web de a oferi servicii confortabile utilizatorilor: de exemplu \u2013 preferin\u021be de confiden\u021bialitate online, op\u021biuni de limb\u0103 a site-ului sau publicitate relevant\u0103.<\/p>\n<p>&nbsp;<\/p>\n<p><strong>3. Care este durata de via\u021b\u0103 a unui cookie?<\/strong><\/p>\n<p>&nbsp;<\/p>\n<p>Cookie-urile sunt administrate de servere web. Durata de via\u021b\u0103 a unui cookie poate varia semnificativ, \u00een func\u021bie de scopul pentru care este plasat. Unele cookie-uri sunt folosite exclusiv pentru o singur\u0103 sesiune (cookie-uri de sesiune) \u0219i nu mai sunt re\u021binute odat\u0103 ce utilizatorul a p\u0103r\u0103sit site-ul web, iar unele cookie-uri sunt re\u021binute \u0219i refolosite de fiecare dat\u0103 c\u00e2nd utilizatorul revine pe acel site web (\u201ecookie-ura permanent\u0103\u201d). Cu toate acestea, cookie-urile pot fi \u0219terse de c\u0103tre un utilizator \u00een orice moment prin set\u0103rile browserului.<\/p>\n<p>&nbsp;<\/p>\n<p><strong>4. Ce sunt cookie-urile plasate de ter\u021bi?<\/strong><\/p>\n<p>&nbsp;<\/p>\n<p>Anumite sec\u021biuni de con\u021binut de pe unele site-uri pot fi furnizate prin ter\u021bi\/furnizori (de exemplu, caseta de \u0219tiri, video sau reclam\u0103). Ace\u0219ti ter\u021bi pot plasa \u0219i cookie-uri prin intermediul site-ului \u0219i se numesc \u201ethird party cookies\u201d deoarece nu sunt plasate de proprietarul site-ului. Furnizorii ter\u021bi trebuie s\u0103 respecte, de asemenea, legea aplicabil\u0103 \u0219i politicile de confiden\u021bialitate ale proprietarului site-ului.<\/p>\n<p>&nbsp;<\/p>\n<p><strong>5. Cum pot opri cookie-urile?<\/strong><\/p>\n<p>&nbsp;<\/p>\n<p>Dezactivarea \u0219i refuzul de a primi cookie-uri poate face anumite site-uri impracticabile sau dificil de vizitat \u0219i utilizat. De asemenea, refuzul de a accepta cookie-uri nu \u00eenseamn\u0103 c\u0103 nu ve\u021bi mai primi\/vezi publicitate online.<\/p>\n<p>&nbsp;<\/p>\n<p>Este posibil s\u0103 seta\u021bi \u00een browser astfel \u00eenc\u00e2t aceste cookie-uri s\u0103 nu mai fie acceptate sau pute\u021bi seta browserul s\u0103 accepte cookie-uri de la un anumit site. Dar, de exemplu, dac\u0103 nu sunte\u021bi \u00eenregistrat utiliz\u00e2nd cookie-uri, nu ve\u021bi putea l\u0103sa comentarii.<\/p>\n<p>&nbsp;<\/p>\n<p>Toate browserele moderne ofer\u0103 posibilitatea de a modifica set\u0103rile cookie-urilor. Aceste set\u0103ri se g\u0103sesc de obicei \u00een meniul \u201eop\u021biuni\u201d sau \u201epreferin\u021be\u201d al browserului dumneavoastr\u0103.<\/p>\n\n\t\t<\/div>\n\t<\/div>\n<\/div><\/div><\/div><\/div><\/div>","protected":false},"excerpt":{"rendered":"<p>1. What is a &#8220;cookie&#8221;? &nbsp; An &#8220;Internet Cookie&#8221; (also known as a &#8220;browser cookie&#8221; or &#8220;HTTP cookie&#8221; or simply a &#8220;cookie&#8221;) is a small file, consisting of letters and numbers, that will be stored on your computer, mobile terminal or other equipment of a user from which the Internet is accessed. &nbsp; The cookie&hellip;<\/p>","protected":false},"author":1,"featured_media":0,"parent":0,"menu_order":0,"comment_status":"closed","ping_status":"closed","template":"","meta":{"footnotes":""},"class_list":["post-370","page","type-page","status-publish","hentry","description-off"],"aioseo_notices":[],"_links":{"self":[{"href":"https:\/\/www.ramadavalcea.ro\/ro\/wp-json\/wp\/v2\/pages\/370","targetHints":{"allow":["GET"]}}],"collection":[{"href":"https:\/\/www.ramadavalcea.ro\/ro\/wp-json\/wp\/v2\/pages"}],"about":[{"href":"https:\/\/www.ramadavalcea.ro\/ro\/wp-json\/wp\/v2\/types\/page"}],"author":[{"embeddable":true,"href":"https:\/\/www.ramadavalcea.ro\/ro\/wp-json\/wp\/v2\/users\/1"}],"replies":[{"embeddable":true,"href":"https:\/\/www.ramadavalcea.ro\/ro\/wp-json\/wp\/v2\/comments?post=370"}],"version-history":[{"count":28,"href":"https:\/\/www.ramadavalcea.ro\/ro\/wp-json\/wp\/v2\/pages\/370\/revisions"}],"predecessor-version":[{"id":603,"href":"https:\/\/www.ramadavalcea.ro\/ro\/wp-json\/wp\/v2\/pages\/370\/revisions\/603"}],"wp:attachment":[{"href":"https:\/\/www.ramadavalcea.ro\/ro\/wp-json\/wp\/v2\/media?parent=370"}],"curies":[{"name":"wp","href":"https:\/\/api.w.org\/{rel}","templated":true}]}}