{"id":72,"date":"2018-10-02T07:23:51","date_gmt":"2018-10-02T04:23:51","guid":{"rendered":"http:\/\/www.ramadavalcea.ro\/?page_id=72"},"modified":"2022-03-07T13:21:33","modified_gmt":"2022-03-07T11:21:33","slug":"about-us","status":"publish","type":"page","link":"https:\/\/www.ramadavalcea.ro\/ro\/about-us\/","title":{"rendered":"Despre Noi"},"content":{"rendered":"<div class=\"wpb-content-wrapper\"><div class=\"vc_row wpb_row vc_row-fluid\"><div class=\"wpb_column vc_column_container vc_col-sm-12\"><div class=\"vc_column-inner\"><div class=\"wpb_wrapper\"><div class=\"vc_separator wpb_content_element vc_separator_align_center vc_sep_width_100 vc_sep_pos_align_center vc_sep_color_black vc_separator-has-text\" ><span class=\"vc_sep_holder vc_sep_holder_l\"><span class=\"vc_sep_line\"><\/span><\/span><h4>Ramada by Wyndham Ramnicu Valcea<\/h4><span class=\"vc_sep_holder vc_sep_holder_r\"><span class=\"vc_sep_line\"><\/span><\/span>\n<\/div><style type=\"text\/css\" data-type=\"the7_shortcodes-inline-css\">.shortcode-single-image-wrap.shortcode-single-image-d6d365ff5424b9cc9a2a82bb507fb116.enable-bg-rollover .rollover i,\n.shortcode-single-image-wrap.shortcode-single-image-d6d365ff5424b9cc9a2a82bb507fb116.enable-bg-rollover .rollover-video i {\n  background: rgba(0,0,0,0.5);\n  box-shadow: none;\n  background: -webkit-linear-gradient();\n  background: linear-gradient();\n}\n.shortcode-single-image-wrap.shortcode-single-image-d6d365ff5424b9cc9a2a82bb507fb116 .rollover-icon {\n  font-size: 32px;\n  color: #ffffff;\n  min-width: 44px;\n  min-height: 44px;\n  line-height: 44px;\n  border-radius: 100px;\n  border-style: solid;\n  border-width: 0px;\n}\n.dt-icon-bg-on.shortcode-single-image-wrap.shortcode-single-image-d6d365ff5424b9cc9a2a82bb507fb116 .rollover-icon {\n  background: rgba(255,255,255,0.3);\n  box-shadow: none;\n}\n<\/style><div class=\"shortcode-single-image-wrap shortcode-single-image-d6d365ff5424b9cc9a2a82bb507fb116 alignnone  enable-bg-rollover dt-icon-bg-off\" style=\"margin-top:0px; margin-bottom:0px; margin-left:0px; margin-right:0px;\"><div class=\"shortcode-single-image\"><div class=\"fancy-media-wrap\" style=\"\"><a class=\"layzr-bg rollover rollover-zoom dt-pswp-item pswp-image\" href=\"https:\/\/www.ramadavalcea.ro\/wp-content\/uploads\/5.jpg\" title=\"5\" data-dt-img-description=\"\" data-large_image_width=\"1280\" data-large_image_height = \"853\"  style=\"box-shadow:5px 5px 5px 5px rgba(0,0,0,0.6); -webkit-box-shadow:5px 5px 5px 5px rgba(0,0,0,0.6);\"><img loading=\"lazy\" decoding=\"async\" class=\"preload-me lazy-load\" src=\"data:image\/svg+xml,%3Csvg%20xmlns%3D&#39;http%3A%2F%2Fwww.w3.org%2F2000%2Fsvg&#39;%20viewBox%3D&#39;0%200%201280%20853&#39;%2F%3E\" data-src=\"https:\/\/www.ramadavalcea.ro\/wp-content\/uploads\/5.jpg\" data-srcset=\"https:\/\/www.ramadavalcea.ro\/wp-content\/uploads\/5.jpg 1280w\" width=\"1280\" height=\"853\"  data-dt-location=\"https:\/\/www.ramadavalcea.ro\/ro\/about-us\/attachment\/5\/\" alt=\"\" \/><\/a><\/div><\/div><\/div><div class=\"vc_empty_space\"   style=\"height: 65px\"><span class=\"vc_empty_space_inner\"><\/span><\/div>\n\t<div class=\"wpb_text_column wpb_content_element\" >\n\t\t<div class=\"wpb_wrapper\">\n\t\t\t<h3 style=\"color: #d93853;\"><strong>RAMADA by WYNDHAM RAMNICU VALCEA<\/strong><\/h3>\n<p>Ramada by Wyndham prezint\u0103 un nou nivel de lux \u00een ora\u0219. Situat \u00een inima cartierului de afaceri \u0219i de divertisment, hotelul ofer\u0103 cele mai bune camere cu vedere uimitoare asupra Mun\u021bilor Cozia.<\/p>\n<p>Hotelul ofer\u0103 o experien\u021b\u0103 unic\u0103 de confort, intimitate \u0219i servicii impecabile. O cl\u0103dire modern\u0103, un mediu cald \u0219i pl\u0103cut, aten\u021bia la detalii \u0219i ospitalitatea personalului v\u0103 vor asigura satisfac\u021bia \u0219ederii dumneavoastr\u0103 de amintit.<\/p>\n<p>Ramada Ramnicu Valcea este un hotel modern de 4 stele situat in inima orasului, in imediata apropiere a Parcului si Centrului Comercial Mircea cel B\u0103tr\u00e2n. Potrivit pentru afaceri, tranzit sau o escapad\u0103 de weekend cu familia, hotelul ofer\u0103 servicii la cele mai \u00eenalte standarde \u0219i satisfac\u021bie pur\u0103, schimb\u00e2nd defini\u021bia luxului confortabil \u0219i informal.<\/p>\n<p>Pe l\u00e2ng\u0103 cazare \u0219i servicii de \u00eenalt\u0103 calitate, v\u0103 invit\u0103m s\u0103 v\u0103 bucura\u021bi de o experien\u021b\u0103 gourmet rafinat\u0103 \u00een restaurantul nostru italian, un centru de fitness pentru a v\u0103 stimula energia \u0219i s\u0103li de bal luxoase pentru evenimentele voastre memorabile.<\/p>\n<p>Hotelul ofera:<\/p>\n<ul>\n<li>cazare 113 camere (single, duble, apartament)<\/li>\n<li>s\u0103li de evenimente: 2 s\u0103li de bal, 1 sal\u0103 de conferin\u021be \u0219i 2 terase exterioare<\/li>\n<li>centru de afaceri (conexiune la internet, printuri)<\/li>\n<li>Club de fitness<\/li>\n<li>Restaurant italian \u201eManarola Ristorante\u201d cu o teras\u0103 \u00een aer liber<\/li>\n<li>Wi-Fi Gratuit<\/li>\n<\/ul>\n\n\t\t<\/div>\n\t<\/div>\n<\/div><\/div><\/div><\/div>\n<\/div>","protected":false},"excerpt":{"rendered":"<p>Ramada by Wyndham Ramnicu Valcea RAMADA by WYNDHAM RAMNICU VALCEA Ramada by Wyndham presents a new level of luxury in the city. Located in the heart of the business and entertainment district, the hotel offers the finest guestrooms with stunning view over the Cozia Mountains. The hotel offers a unique experience of comfort, intimacy and&hellip;<\/p>","protected":false},"author":1,"featured_media":0,"parent":0,"menu_order":0,"comment_status":"closed","ping_status":"closed","template":"","meta":{"footnotes":""},"class_list":["post-72","page","type-page","status-publish","hentry","description-off"],"aioseo_notices":[],"_links":{"self":[{"href":"https:\/\/www.ramadavalcea.ro\/ro\/wp-json\/wp\/v2\/pages\/72","targetHints":{"allow":["GET"]}}],"collection":[{"href":"https:\/\/www.ramadavalcea.ro\/ro\/wp-json\/wp\/v2\/pages"}],"about":[{"href":"https:\/\/www.ramadavalcea.ro\/ro\/wp-json\/wp\/v2\/types\/page"}],"author":[{"embeddable":true,"href":"https:\/\/www.ramadavalcea.ro\/ro\/wp-json\/wp\/v2\/users\/1"}],"replies":[{"embeddable":true,"href":"https:\/\/www.ramadavalcea.ro\/ro\/wp-json\/wp\/v2\/comments?post=72"}],"version-history":[{"count":27,"href":"https:\/\/www.ramadavalcea.ro\/ro\/wp-json\/wp\/v2\/pages\/72\/revisions"}],"predecessor-version":[{"id":824,"href":"https:\/\/www.ramadavalcea.ro\/ro\/wp-json\/wp\/v2\/pages\/72\/revisions\/824"}],"wp:attachment":[{"href":"https:\/\/www.ramadavalcea.ro\/ro\/wp-json\/wp\/v2\/media?parent=72"}],"curies":[{"name":"wp","href":"https:\/\/api.w.org\/{rel}","templated":true}]}}